{"id":55057,"date":"2026-02-23T14:31:44","date_gmt":"2026-02-23T18:31:44","guid":{"rendered":"https:\/\/www.pixelpixel.xyz\/?page_id=55057"},"modified":"2026-02-23T19:45:05","modified_gmt":"2026-02-23T23:45:05","slug":"mainp","status":"publish","type":"page","link":"https:\/\/www.pixelpixel.xyz\/en\/mainp\/","title":{"rendered":"Impression t-shirt Montr\u00e9al 2"},"content":{"rendered":"<p><!DOCTYPE html><br \/>\n<html lang=\"fr\"><br \/>\n<head><br \/>\n    <meta charset=\"UTF-8\"><br \/>\n    <meta name=\"viewport\" content=\"width=device-width, initial-scale=1.0\"><br \/>\n    <title>PIXEL PIXEL | Impression Textile Sur Mesure \u00e0 Mascouche<\/title><br \/>\n    <!-- Google Fonts -->\n    <link rel=\"preconnect\" href=\"https:\/\/fonts.googleapis.com\">\n    <link rel=\"preconnect\" href=\"https:\/\/fonts.gstatic.com\" crossorigin>\n    <link href=\"https:\/\/fonts.googleapis.com\/css2?family=Dela+Gothic+One&#038;family=Hanken+Grotesk:wght@400;600;800;900&#038;family=Poppins:wght@400;800;900&#038;display=swap\" rel=\"stylesheet\">\n    <!-- Tailwind CSS --><\/p>\n<style>\n        :root {\n            \/* Palette N\u00e9o-Brutaliste *\/\n            --nb-ivory: #F4F3EF;\n            --nb-yellow: #FFDE59;\n            --nb-pink: #FF90E8;\n            --nb-blue: #54C1FF;\n            --nb-green: #00E092;\n            --nb-ink: #1a1a1a;\n        }\n        \/* Polices *\/\n        .font-poppins { font-family: 'Poppins', sans-serif; }\n        .font-hanken { font-family: 'Hanken Grotesk', sans-serif; }\n        .font-melody { font-family: 'Dela Gothic One', cursive; letter-spacing: -0.02em; }\n        \/* Classes Utilitaires N\u00e9o-Brutalistes *\/\n        .nb-card {\n            border: 3px solid black;\n            box-shadow: 5px 5px 0px 0px black;\n            transition: all 0.2s ease;\n        }\n        .nb-btn {\n            border: 3px solid black;\n            box-shadow: 4px 4px 0px 0px black;\n            transition: all 0.1s ease;\n            cursor: pointer;\n            display: inline-block;\n            text-align: center;\n        }\n        .nb-btn:active {\n            transform: translate(2px, 2px);\n            box-shadow: 2px 2px 0px 0px black;\n        }\n        .nb-btn:hover {\n            transform: translate(-1px, -1px);\n            box-shadow: 6px 6px 0px 0px black;\n        }\n        .nb-tag {\n            border: 2px solid black;\n            box-shadow: 2px 2px 0px 0px black;\n        }\n        \/* Motifs de fond *\/\n        .nb-dot {\n            background-image: radial-gradient(black 1px, transparent 1px);\n            background-size: 20px 20px;\n            opacity: 0.05;\n        }\n        \/* Animation Menu Mobile *\/\n        #mobile-menu {\n            transition: all 0.3s cubic-bezier(0.175, 0.885, 0.32, 1.275);\n            transform-origin: top;\n        }\n        .menu-hidden {\n            transform: scaleY(0);\n            height: 0;\n            opacity: 0;\n            pointer-events: none;\n        }\n        .menu-visible {\n            transform: scaleY(1);\n            height: auto;\n            opacity: 1;\n            pointer-events: auto;\n        }\n        \/* Effet de survol sur les images de la galerie *\/\n        .gallery-item:hover img {\n            transform: scale(1.05) rotate(1deg);\n        }\n    <\/style>\n<p><\/head><br \/>\n<body><br \/>\n    <!-- En-t\u00eate (Header) --><\/p>\n<header>\n            <!-- Logo --><br \/>\n            <a href=\"#\"><br \/>\n                    PIXEL<br \/>\n                    PIXEL<br \/>\n            <\/a><br \/>\n            <!-- Navigation Desktop --><\/p>\n<nav>\n                <a href=\"#services\">Services<\/a><br \/>\n                <a href=\"#work\">R\u00e9alisations<\/a><br \/>\n                <a href=\"#faq\">Faq<\/a><br \/>\n                <a href=\"#contact\">Contact<\/a><br \/>\n            <\/nav>\n<p>            <!-- Bouton d'action et Menu Mobile --><br \/>\n                <a href=\"#quote\">Submission<\/a><br \/>\n                <button id=\"menu-btn\" aria-label=\"Menu\"><br \/>\n                    <svg xmlns=\"http:\/\/www.w3.org\/2000\/svg\" fill=\"none\" viewbox=\"0 0 24 24\" stroke-width=\"3\" stroke=\"currentColor\">\n                        <path stroke-linecap=\"round\" stroke-linejoin=\"round\" d=\"M3.75 6.75h16.5M3.75 12h16.5m-16.5 5.25h16.5\" \/>\n                    <\/svg><br \/>\n                <\/button><br \/>\n        <!-- Menu Mobile D\u00e9roulant --><\/p>\n<nav>\n                <a href=\"#services\">Services<\/a><br \/>\n                <a href=\"#work\">R\u00e9alisations<\/a><br \/>\n                <a href=\"#faq\">Faq<\/a><br \/>\n                <a href=\"#contact\">Contact<\/a><br \/>\n                <a href=\"#quote\">Request a quote<\/a><br \/>\n            <\/nav>\n<\/header>\n<p>    <!-- Section H\u00e9ro --><\/p>\n<section>\n<h1>\n                    Faites briller votre MARQUE, habillez votre<br \/>\n                    \u00c9QUIPE<br \/>\n                <\/h1>\n<p>\n                    Parce que personne n&rsquo;aime les t-shirts plates. Impression DTF, DTG et s\u00e9rigraphie qui font jaser (en bien) pour vos \u00e9v\u00e9nements et votre \u00e9quipe \u00e0 Mascouche.\n                <\/p>\n<p>                    <a href=\"#quote\">Obtenir une soumission<\/a><br \/>\n                    <a href=\"#services\">Our services<\/a><br \/>\n                    Rush 48h disponible<br \/>\n                <!-- Liste \u00e0 puces stylis\u00e9e --><br \/>\n                        Optimisation d&rsquo;image incluse<br \/>\n                        \u00c9chantillon d&rsquo;impression<br \/>\n                        Grandeurs XS\u20135XL<br \/>\n            <!-- Visuel H\u00e9ro --><br \/>\n                        <img decoding=\"async\" id=\"img-hero\" src=\"\" alt=\"T-shirt Imprim\u00e9 sur mesure\" onerror=\"this.src='https:\/\/images.unsplash.com\/photo-1521572163474-6864f9cf17ab?auto=format&#038;fit=crop&#038;q=80&#038;w=800'\"\/><\/p>\n<p>DTG<\/p>\n<p>Impression Num\u00e9rique<\/p>\n<p>DTF<\/p>\n<p>Impression sur Film<\/p>\n<\/section>\n<p>    <!-- Preuve Sociale --><\/p>\n<section>\n<p>Ils nous font confiance : artistes, marques et festivals<\/p>\n<p>                    Cinemacinema<br \/>\n                    CUSM &#8211; MUHC<br \/>\n                    F\u00e9d\u00e9ration Voile Qu\u00e9bec<br \/>\n                    Prospect Basketball<br \/>\n                    Cinemania<br \/>\n                    LCSM<br \/>\n    <\/section>\n<p>    <!-- Services Section --><\/p>\n<section id=\"services\">\n<h2>Des services qui FLASHENT<\/h2>\n<p>                <!-- DTF Card --><\/p>\n<article>\n<h3>DTF printing<\/h3>\n<p>                        Transfert<\/p>\n<p>La polyvalence incarn\u00e9e. Couleurs vibrantes, d\u00e9tails fins et ultra-durable sur tous les tissus (coton, polyester, nylon).<\/p>\n<ul>\n<li> Aucun minimum requis<\/li>\n<li> Compatible sur tous tissus<\/li>\n<li> Couleurs vibrantes &#038; durables<\/li>\n<\/ul>\n<p>                    <a href=\"#quote\">Choisir DTF<\/a><br \/>\n                <\/article>\n<p>                <!-- DTG Card --><\/p>\n<article>\n<h3>DTG printing<\/h3>\n<p>                        Num\u00e9rique<\/p>\n<p>Qualit\u00e9 photo, couleur illimit\u00e9e, sur demande. Id\u00e9al pour les d\u00e9grad\u00e9s complexes. Imprim\u00e9 \u00e0 m\u00eame la fibre.<\/p>\n<ul>\n<li> Aucun minimum requis<\/li>\n<li> Qualit\u00e9 photo &#038; d\u00e9grad\u00e9s<\/li>\n<li> Fini ultra doux 100% coton<\/li>\n<\/ul>\n<p>                    <a href=\"#quote\">Choisir DTG<\/a><br \/>\n                <\/article>\n<p>                <!-- S\u00e9rigraphie Card --><\/p>\n<article>\n<h3>Silkscreen<\/h3>\n<p>                        Classique<\/p>\n<p>Couleurs \u00e9clatantes, demi-tons et encres m\u00e9talliques. La r\u00e9f\u00e9rence absolue pour le volume et l&rsquo;\u00e9conomie.<\/p>\n<ul>\n<li> \u00c0 partir de 25 morceaux<\/li>\n<li> Tr\u00e8s \u00e9conomique en volume<\/li>\n<li> Qualit\u00e9 et durabilit\u00e9 ultimes<\/li>\n<\/ul>\n<p>                    <a href=\"#quote\">Choisir S\u00e9rigraphie<\/a><br \/>\n                <\/article>\n<\/section>\n<p>    <!-- Galerie Section --><\/p>\n<section id=\"work\">\n<h2>Quelques r\u00e9alisations<\/h2>\n<p>                <a href=\"#quote\">Imprimez les v\u00f4tres<\/a><br \/>\n                         <img decoding=\"async\" id=\"img-gallery-1\" src=\"\" alt=\"Exemple 1\" \/><br \/>\n                         <img decoding=\"async\" id=\"img-gallery-2\" src=\"\" alt=\"Exemple 2\" \/><br \/>\n                         <img decoding=\"async\" id=\"img-gallery-3\" src=\"\" alt=\"Exemple 3\" \/><br \/>\n            <!-- Solution Case --><br \/>\n                        Cas v\u00e9cu<\/p>\n<h3>Ne vous faites plus avoir.<\/h3>\n<p>Un client nous a appel\u00e9s en panique apr\u00e8s avoir re\u00e7u une commande inutilisable d&rsquo;un comp\u00e9titeur. Voici la diff\u00e9rence PIXEL PIXEL.<\/p>\n<p>                                La comp\u00e9tition<br \/>\n                                \ud83d\udc4e<br \/>\n                                <img decoding=\"async\" id=\"img-competitor\" src=\"\" alt=\"Mauvaise qualit\u00e9\" \/><br \/>\n                                Impression craquel\u00e9e<\/p>\n<ul>\n<li>\u00d7 Mauvaise r\u00e9solution d&rsquo;image<\/li>\n<li>\u00d7 Aucune v\u00e9rification des fichiers<\/li>\n<li>\u00d7 Encres de basse qualit\u00e9<\/li>\n<\/ul>\n<p>                                PIXEL PIXEL<br \/>\n                                \u2728<br \/>\n                                <img decoding=\"async\" id=\"img-pixel\" src=\"\" alt=\"Qualit\u00e9 Pixel Pixel\" \/><br \/>\n                                Vibrant &#038; Durable<\/p>\n<ul>\n<li>\u2713 Logiciel d&rsquo;impression haute d\u00e9finition<\/li>\n<li>\u2713 Correction manuelle du fond d&rsquo;image<\/li>\n<li>\u2713 Encres premium ultra-r\u00e9sistantes<\/li>\n<\/ul>\n<\/section>\n<p>    <!-- T\u00e9moignages --><\/p>\n<section>\n<h2>Ceux qui nous envoient du love<\/h2>\n<blockquote><p>\n                    \u275d<\/p>\n<p>\u201cService A1! Une impression top qualit\u00e9 et un super service. Ils assurent la satisfaction de leur client. Je recommande!\u201d<\/p>\n<footer>\n                        <cite>SL DB<\/cite><br \/>\n                    <\/footer>\n<\/blockquote>\n<blockquote><p>\n                    \u275d<\/p>\n<p>\u201cFrancis est \u00e0 l&rsquo;\u00e9coute, un travail remarquable et de haute qualit\u00e9. Tr\u00e8s bon rapport qualit\u00e9\/prix et tr\u00e8s rapide!\u201d<\/p>\n<footer>\n                        <cite>Julien Conte<\/cite><br \/>\n                    <\/footer>\n<\/blockquote>\n<blockquote><p>\n                    \u275d<\/p>\n<p>\u201cCustom hoodie design was perfect. High quality fabrics + sharp and vibrant colours. Quick response and turn around. 10\/10\u201d<\/p>\n<footer>\n                        <cite>Sammar Alali<\/cite><br \/>\n                    <\/footer>\n<\/blockquote>\n<\/section>\n<p>    <!-- FAQ --><\/p>\n<section id=\"faq\">\n<h2>FAQ, simple comme bonjour<\/h2>\n<p>C&rsquo;est quoi le fichier id\u00e9al ?<\/p>\n<p>Vectoriel (AI\/PDF) ou PNG 300DPI \u00e0 la taille d&rsquo;impression. On vous aide si besoin.<\/p>\n<p>Match de couleurs ?<\/p>\n<p>En DTG\/DTF, le match Pantone exact est complexe. On peut faire des tests pour s&rsquo;en approcher au maximum.<\/p>\n<p>Commande minimum ?<\/p>\n<p>DTG et DTF : aucun minimum. S\u00e9rigraphie d\u00e8s 25 morceaux.<\/p>\n<p>D\u00e9lais ?<\/p>\n<p>Standard 5\u20137 jours ouvrables. Rush 48h dispo selon les stocks.<\/p>\n<\/section>\n<p>    <!-- Soumission \/ Contact --><\/p>\n<section id=\"quote\">\n                <!-- Formulaire --><\/p>\n<h2>Soumission gratuite<\/h2>\n<p>Dites-nous ce que vous voulez imprimer. On r\u00e9pond plus vite que votre caf\u00e9 ne refroidit.<\/p>\n<form id=\"quoteForm\" action=\"\">\n                            <label><br \/>\n                                Last name<br \/>\n                                <input name=\"nom\" placeholder=\"Votre nom\" required \/><br \/>\n                            <\/label><br \/>\n                            <label><br \/>\n                                Email<br \/>\n                                <input name=\"email\" type=\"email\" placeholder=\"E-mail\" required \/><br \/>\n                            <\/label><br \/>\n                            <label><br \/>\n                                Amount<br \/>\n                                <input name=\"quantite\" type=\"number\" placeholder=\"ex. 50\" \/><br \/>\n                            <\/label><br \/>\n                            <label><br \/>\n                                M\u00e9thode<br \/>\n                                <select name=\"methode\"><option value=\"DTG\">DTG (Num\u00e9rique)<\/option><option value=\"Serigraphie\">Silkscreen<\/option><option value=\"DTF\">DTF Presado<\/option><option value=\"Inconnu\">Je ne sais pas<\/option><\/select><br \/>\n                            <\/label><br \/>\n                        <label><br \/>\n                            Lien Artwork \/ Notes<br \/>\n                            <textarea name=\"notes\" rows=\"4\" placeholder=\"Description du projet ou lien vers fichiers\"><\/textarea><br \/>\n                        <\/label><br \/>\n                        <button type=\"submit\">Envoyer la demande<\/button><br \/>\n                    <input type=\"hidden\" name=\"trp-form-language\" value=\"en\"\/><\/form>\n<p>                <!-- Info Box --><\/p>\n<p>Pourquoi PIXEL PIXEL ?<\/p>\n<ul>\n<li>\n                                \u2713<br \/>\n                                Test presse gratuit (250+ morceaux)\n                            <\/li>\n<li>\n                                \u2713<br \/>\n                                Maquettes num\u00e9riques en 24h\n                            <\/li>\n<li>\n                                \u2713<br \/>\n                                Imprim\u00e9 localement au Qu\u00e9bec\n                            <\/li>\n<\/ul>\n<p>D\u00e9lai<\/p>\n<p>5-7j<\/p>\n<p>Mascouche<\/p>\n<p>QC<\/p>\n<p>Service<\/p>\n<p>Top<\/p>\n<\/section>\n<p>    <!-- Footer --><\/p>\n<footer id=\"contact\">\n<p>PIXEL PIXEL<\/p>\n<p>Atelier d&rsquo;impression textile sur mesure.<br \/>Mascouche \u2022 Montr\u00e9al \u2022 Monde entier<\/p>\n<p>Liens<\/p>\n<p>                    <a href=\"#services\">Services<\/a><br \/>\n                    <a href=\"#work\">R\u00e9alisations<\/a><br \/>\n                    <a href=\"#faq\">Faq<\/a><\/p>\n<p>Contact<\/p>\n<p>                    <a href=\"mailto:info@pixelpixel.xyz\">info@pixelpixel.xyz<\/a><br \/>\n                    <a href=\"tel:+14387778099\">(438) 777-8099<\/a><\/p>\n<p>Propuls\u00e9 par la passion du pixel. \u00a9 2026 PIXEL PIXEL.<\/p>\n<\/footer>\n<p><\/body><br \/>\n<\/html><\/p>","protected":false},"excerpt":{"rendered":"<p>PIXEL PIXEL | Impression Textile Sur Mesure \u00e0 Mascouche PIXEL PIXEL Services R\u00e9alisations FAQ Contact Soumission Services R\u00e9alisations FAQ Contact Demander une soumission Faites briller votre MARQUE, habillez votre \u00c9QUIPE Parce que personne n&rsquo;aime les t-shirts plates. Impression DTF, DTG et s\u00e9rigraphie qui font jaser (en bien) pour vos \u00e9v\u00e9nements et votre \u00e9quipe \u00e0 Mascouche. [&hellip;]<\/p>","protected":false},"author":1,"featured_media":0,"parent":0,"menu_order":0,"comment_status":"closed","ping_status":"closed","template":"","meta":{"inline_featured_image":false,"footnotes":""},"class_list":["post-55057","page","type-page","status-publish","hentry"],"_links":{"self":[{"href":"https:\/\/www.pixelpixel.xyz\/en\/wp-json\/wp\/v2\/pages\/55057","targetHints":{"allow":["GET"]}}],"collection":[{"href":"https:\/\/www.pixelpixel.xyz\/en\/wp-json\/wp\/v2\/pages"}],"about":[{"href":"https:\/\/www.pixelpixel.xyz\/en\/wp-json\/wp\/v2\/types\/page"}],"author":[{"embeddable":true,"href":"https:\/\/www.pixelpixel.xyz\/en\/wp-json\/wp\/v2\/users\/1"}],"replies":[{"embeddable":true,"href":"https:\/\/www.pixelpixel.xyz\/en\/wp-json\/wp\/v2\/comments?post=55057"}],"version-history":[{"count":14,"href":"https:\/\/www.pixelpixel.xyz\/en\/wp-json\/wp\/v2\/pages\/55057\/revisions"}],"predecessor-version":[{"id":55115,"href":"https:\/\/www.pixelpixel.xyz\/en\/wp-json\/wp\/v2\/pages\/55057\/revisions\/55115"}],"wp:attachment":[{"href":"https:\/\/www.pixelpixel.xyz\/en\/wp-json\/wp\/v2\/media?parent=55057"}],"curies":[{"name":"wp","href":"https:\/\/api.w.org\/{rel}","templated":true}]}}