{"id":55022,"date":"2026-02-19T15:29:48","date_gmt":"2026-02-19T19:29:48","guid":{"rendered":"https:\/\/www.pixelpixel.xyz\/?page_id=55022"},"modified":"2026-02-19T15:49:58","modified_gmt":"2026-02-19T19:49:58","slug":"333-2","status":"publish","type":"page","link":"https:\/\/www.pixelpixel.xyz\/en\/333-2\/","title":{"rendered":"333"},"content":{"rendered":"<div data-elementor-type=\"wp-page\" data-elementor-id=\"55022\" class=\"elementor elementor-55022\" data-elementor-post-type=\"page\">\n\t\t\t\t<div class=\"elementor-element elementor-element-1a3992e0 pp-header e-flex e-con-boxed e-con e-parent\" data-id=\"1a3992e0\" data-element_type=\"container\" data-e-type=\"container\">\n\t\t\t\t\t<div class=\"e-con-inner\">\n\t\t<div class=\"elementor-element elementor-element-35666fc3 e-con-full e-flex e-con e-child\" data-id=\"35666fc3\" data-element_type=\"container\" data-e-type=\"container\">\n\t\t\t\t<div class=\"elementor-element elementor-element-5344d2d0 elementor-widget elementor-widget-text-editor\" data-id=\"5344d2d0\" data-element_type=\"widget\" data-e-type=\"widget\" data-widget_type=\"text-editor.default\">\n\t\t\t\t<div class=\"elementor-widget-container\">\n\t\t\t\t\t\t\t\t\t<div class=\"pp-logo\"><span class=\"pp-logo__line\">PIXEL<\/span><span class=\"pp-logo__line\">PIXEL<\/span><\/div>\t\t\t\t\t\t\t\t<\/div>\n\t\t\t\t<\/div>\n\t\t\t\t<\/div>\n\t\t<div class=\"elementor-element elementor-element-339dcc5 e-con-full e-flex e-con e-child\" data-id=\"339dcc5\" data-element_type=\"container\" data-e-type=\"container\">\n\t\t\t\t<div class=\"elementor-element elementor-element-3071bef1 elementor-widget elementor-widget-text-editor\" data-id=\"3071bef1\" data-element_type=\"widget\" data-e-type=\"widget\" data-widget_type=\"text-editor.default\">\n\t\t\t\t<div class=\"elementor-widget-container\">\n\t\t\t\t\t\t\t\t\t<div class=\"pp-navlinks\"><a href=\"#work\" class=\"pp-tag pp-tag--white\">R\u00e9alisations<\/a> <a href=\"#pricing\" class=\"pp-tag pp-tag--white\">Tarifs<\/a> <a href=\"#faq\" class=\"pp-tag pp-tag--white\">Faq<\/a> <a href=\"#contact\" class=\"pp-tag pp-tag--white\">Contact<\/a><\/div>\t\t\t\t\t\t\t\t<\/div>\n\t\t\t\t<\/div>\n\t\t\t\t<\/div>\n\t\t<div class=\"elementor-element elementor-element-15de423a e-con-full e-flex e-con e-child\" data-id=\"15de423a\" data-element_type=\"container\" data-e-type=\"container\">\n\t\t\t\t<div class=\"elementor-element elementor-element-383b2028 elementor-widget elementor-widget-button\" data-id=\"383b2028\" data-element_type=\"widget\" data-e-type=\"widget\" data-widget_type=\"button.default\">\n\t\t\t\t<div class=\"elementor-widget-container\">\n\t\t\t\t\t\t\t\t\t<div class=\"elementor-button-wrapper\">\n\t\t\t\t\t<a class=\"elementor-button elementor-button-link elementor-size-sm\" href=\"#quote\">\n\t\t\t\t\t\t<span class=\"elementor-button-content-wrapper\">\n\t\t\t\t\t\t\t\t\t<span class=\"elementor-button-text\">Submission<\/span>\n\t\t\t\t\t<\/span>\n\t\t\t\t\t<\/a>\n\t\t\t\t<\/div>\n\t\t\t\t\t\t\t\t<\/div>\n\t\t\t\t<\/div>\n\t\t\t\t<\/div>\n\t\t\t\t\t<\/div>\n\t\t\t\t<\/div>\n\t\t<div class=\"elementor-element elementor-element-160c1d74 pp-hero e-con-full e-flex e-con e-parent\" data-id=\"160c1d74\" data-element_type=\"container\" data-e-type=\"container\">\n\t\t<div class=\"elementor-element elementor-element-283ed0af e-con-full e-flex e-con e-child\" data-id=\"283ed0af\" data-element_type=\"container\" data-e-type=\"container\">\n\t\t\t\t<div class=\"elementor-element elementor-element-4dd8a820 elementor-widget elementor-widget-heading\" data-id=\"4dd8a820\" data-element_type=\"widget\" data-e-type=\"widget\" data-widget_type=\"heading.default\">\n\t\t\t\t<div class=\"elementor-widget-container\">\n\t\t\t\t\t<h1 class=\"elementor-heading-title elementor-size-default\">Faites briller votre <span class=\"pp-mark\">MARQUE<\/span>, habillez votre <span class=\"pp-gang\">Groupe<\/span><\/h1>\t\t\t\t<\/div>\n\t\t\t\t<\/div>\n\t\t\t\t<div class=\"elementor-element elementor-element-b207d7a elementor-widget elementor-widget-text-editor\" data-id=\"b207d7a\" data-element_type=\"widget\" data-e-type=\"widget\" data-widget_type=\"text-editor.default\">\n\t\t\t\t<div class=\"elementor-widget-container\">\n\t\t\t\t\t\t\t\t\t<p>Parce que personne n&rsquo;aime les t-shirts plates. Impression DTF, DTG et s\u00e9rigraphie qui font jaser (en bien) pour vos \u00e9v\u00e9nements et votre \u00e9quipe.<\/p>\t\t\t\t\t\t\t\t<\/div>\n\t\t\t\t<\/div>\n\t\t\t\t<div class=\"elementor-element elementor-element-4ca308cd elementor-widget elementor-widget-text-editor\" data-id=\"4ca308cd\" data-element_type=\"widget\" data-e-type=\"widget\" data-widget_type=\"text-editor.default\">\n\t\t\t\t<div class=\"elementor-widget-container\">\n\t\t\t\t\t\t\t\t\t\n<div class=\"pp-hero__actions\">\n  <a class=\"pp-btnlink pp-btnlink--blue\" href=\"#quote\">Obtenir une soumission<\/a>\n  <a class=\"pp-btnlink pp-btnlink--white\" href=\"#work\">Our services<\/a>\n  <span class=\"pp-tag pp-tag--green\">Rush 48h disponible<\/span>\n<\/div>\n\t\t\t\t\t\t\t\t<\/div>\n\t\t\t\t<\/div>\n\t\t\t\t<div class=\"elementor-element elementor-element-2a2581f1 elementor-widget elementor-widget-text-editor\" data-id=\"2a2581f1\" data-element_type=\"widget\" data-e-type=\"widget\" data-widget_type=\"text-editor.default\">\n\t\t\t\t<div class=\"elementor-widget-container\">\n\t\t\t\t\t\t\t\t\t\n<div class=\"pp-hero__tags\">\n  <span class=\"pp-tag pp-tag--white\">Optimisation d&rsquo;image incluse<\/span>\n  <span class=\"pp-tag pp-tag--white\">Commandes de volume<\/span>\n  <span class=\"pp-tag pp-tag--white\">Grandeurs XS\u20135XL<\/span>\n  <span class=\"pp-tag pp-tag--white\">Service et solution<\/span>\n<\/div>\n\t\t\t\t\t\t\t\t<\/div>\n\t\t\t\t<\/div>\n\t\t\t\t<\/div>\n\t\t<div class=\"elementor-element elementor-element-6a744cda e-con-full e-flex e-con e-child\" data-id=\"6a744cda\" data-element_type=\"container\" data-e-type=\"container\">\n\t\t\t\t<div class=\"elementor-element elementor-element-7b2a8c76 elementor-widget elementor-widget-text-editor\" data-id=\"7b2a8c76\" data-element_type=\"widget\" data-e-type=\"widget\" data-widget_type=\"text-editor.default\">\n\t\t\t\t<div class=\"elementor-widget-container\">\n\t\t\t\t\t\t\t\t\t\n<div class=\"pp-hero-card\">\n  <div class=\"pp-hero-img\">[Image T-shirt Imprim\u00e9]<div class=\"pp-hero-img__badge\"><\/div><\/div>\n  <div class=\"pp-hero-mini\">\n    <div class=\"pp-mini pp-mini--ink\"><div class=\"pp-mini__title\">DTG<\/div><div class=\"pp-mini__sub\">Impression Num\u00e9rique<\/div><\/div>\n    <div class=\"pp-mini pp-mini--green\"><div class=\"pp-mini__title\">DTF<\/div><div class=\"pp-mini__sub\">Impression sur Film<\/div><\/div>\n  <\/div>\n<\/div>\n\t\t\t\t\t\t\t\t<\/div>\n\t\t\t\t<\/div>\n\t\t\t\t<\/div>\n\t\t\t\t<\/div>\n\t\t<div class=\"elementor-element elementor-element-43e6447c pp-services e-con-full e-flex e-con e-parent\" data-id=\"43e6447c\" data-element_type=\"container\" data-e-type=\"container\">\n\t\t<div class=\"elementor-element elementor-element-3c8be8fd e-con-full e-flex e-con e-child\" data-id=\"3c8be8fd\" data-element_type=\"container\" data-e-type=\"container\">\n\t\t\t\t<div class=\"elementor-element elementor-element-649af91c elementor-widget elementor-widget-heading\" data-id=\"649af91c\" data-element_type=\"widget\" data-e-type=\"widget\" data-widget_type=\"heading.default\">\n\t\t\t\t<div class=\"elementor-widget-container\">\n\t\t\t\t\t<h2 class=\"elementor-heading-title elementor-size-default\">Des services qui <span class=\"pp-highlight pp-highlight--blue\">FLASHENT<\/span><\/h2>\t\t\t\t<\/div>\n\t\t\t\t<\/div>\n\t\t\t\t<\/div>\n\t\t<div class=\"elementor-element elementor-element-157e28c0 e-con-full e-flex e-con e-child\" data-id=\"157e28c0\" data-element_type=\"container\" data-e-type=\"container\">\n\t\t\t\t<div class=\"elementor-element elementor-element-6a4c8ad elementor-widget elementor-widget-text-editor\" data-id=\"6a4c8ad\" data-element_type=\"widget\" data-e-type=\"widget\" data-widget_type=\"text-editor.default\">\n\t\t\t\t<div class=\"elementor-widget-container\">\n\t\t\t\t\t\t\t\t\t<span class=\"pp-tag pp-tag--white\">Techniques mixtes &amp; sur mesure<\/span>\t\t\t\t\t\t\t\t<\/div>\n\t\t\t\t<\/div>\n\t\t\t\t<\/div>\n\t\t\t\t<\/div>\n\t\t<div class=\"elementor-element elementor-element-601387f6 pp-services e-con-full e-flex e-con e-parent\" data-id=\"601387f6\" data-element_type=\"container\" data-e-type=\"container\">\n\t\t<div class=\"elementor-element elementor-element-3582e390 e-con-full e-flex e-con e-child\" data-id=\"3582e390\" data-element_type=\"container\" data-e-type=\"container\">\n\t\t\t\t<div class=\"elementor-element elementor-element-7b29af63 elementor-widget elementor-widget-text-editor\" data-id=\"7b29af63\" data-element_type=\"widget\" data-e-type=\"widget\" data-widget_type=\"text-editor.default\">\n\t\t\t\t<div class=\"elementor-widget-container\">\n\t\t\t\t\t\t\t\t\t<div class=\"pp-card pp-service\"><div class=\"pp-tag pp-tag--pink\">Silkscreen<\/div><h3 class=\"pp-h3\">Silkscreen<\/h3><p class=\"pp-p\">Couleurs \u00e9clatantes (spot colors), demi-tons et encres m\u00e9talliques. La r\u00e9f\u00e9rence pour le volume.<\/p><p><a class=\"pp-btnlink pp-btnlink--black\" href=\"#quote\">Choisir \u00e7a<\/a><\/p><\/div>\t\t\t\t\t\t\t\t<\/div>\n\t\t\t\t<\/div>\n\t\t\t\t<\/div>\n\t\t<div class=\"elementor-element elementor-element-34e130e5 e-con-full e-flex e-con e-child\" data-id=\"34e130e5\" data-element_type=\"container\" data-e-type=\"container\">\n\t\t\t\t<div class=\"elementor-element elementor-element-fbaec7c elementor-widget elementor-widget-text-editor\" data-id=\"fbaec7c\" data-element_type=\"widget\" data-e-type=\"widget\" data-widget_type=\"text-editor.default\">\n\t\t\t\t<div class=\"elementor-widget-container\">\n\t\t\t\t\t\t\t\t\t\n<div class=\"pp-card pp-service\">\n  <div class=\"pp-tag pp-tag--yellow\">Num\u00e9rique<\/div>\n  <h3 class=\"pp-h3\">DTG printing<\/h3>\n  <p class=\"pp-p\">Qualit\u00e9 photo, couleur illimit\u00e9e, sur demande. Id\u00e9al les d\u00e9grad\u00e9s complexes. Doux au toucher.<\/p>\n  <a class=\"pp-btnlink pp-btnlink--black\" href=\"#quote\">Choisir \u00e7a<\/a>\n<\/div>\n\t\t\t\t\t\t\t\t<\/div>\n\t\t\t\t<\/div>\n\t\t\t\t<\/div>\n\t\t<div class=\"elementor-element elementor-element-5b0cc901 e-con-full e-flex e-con e-child\" data-id=\"5b0cc901\" data-element_type=\"container\" data-e-type=\"container\">\n\t\t\t\t<div class=\"elementor-element elementor-element-71f2debf elementor-widget elementor-widget-text-editor\" data-id=\"71f2debf\" data-element_type=\"widget\" data-e-type=\"widget\" data-widget_type=\"text-editor.default\">\n\t\t\t\t<div class=\"elementor-widget-container\">\n\t\t\t\t\t\t\t\t\t\n<div class=\"pp-card pp-service\">\n  <div class=\"pp-tag pp-tag--green\">Transfert<\/div>\n  <h3 class=\"pp-h3\">DTF printing<\/h3>\n  <p class=\"pp-p\">La polyvalence incarn\u00e9e. Couleurs vibrantes, d\u00e9tails fins et ultra-durable sur tous les tissus (coton, polyester, nylon).<\/p>\n  <a class=\"pp-btnlink pp-btnlink--black\" href=\"#quote\">Choisir \u00e7a<\/a>\n<\/div>\n\t\t\t\t\t\t\t\t<\/div>\n\t\t\t\t<\/div>\n\t\t\t\t<\/div>\n\t\t\t\t<\/div>\n\t\t<div class=\"elementor-element elementor-element-261acb4a pp-quote e-flex e-con-boxed e-con e-parent\" data-id=\"261acb4a\" data-element_type=\"container\" data-e-type=\"container\">\n\t\t\t\t\t<div class=\"e-con-inner\">\n\t\t<div class=\"elementor-element elementor-element-238ce746 e-con-full e-flex e-con e-child\" data-id=\"238ce746\" data-element_type=\"container\" data-e-type=\"container\">\n\t\t\t\t<div class=\"elementor-element elementor-element-22e670a4 elementor-widget elementor-widget-heading\" data-id=\"22e670a4\" data-element_type=\"widget\" data-e-type=\"widget\" data-widget_type=\"heading.default\">\n\t\t\t\t<div class=\"elementor-widget-container\">\n\t\t\t\t\t<h2 class=\"elementor-heading-title elementor-size-default\">Soumission gratuite<\/h2>\t\t\t\t<\/div>\n\t\t\t\t<\/div>\n\t\t\t\t<div class=\"elementor-element elementor-element-1628db76 elementor-widget elementor-widget-text-editor\" data-id=\"1628db76\" data-element_type=\"widget\" data-e-type=\"widget\" data-widget_type=\"text-editor.default\">\n\t\t\t\t<div class=\"elementor-widget-container\">\n\t\t\t\t\t\t\t\t\t<p class='pp-muted'>Dites-nous ce que vous voulez imprimer. On r\u00e9pond plus vite que votre caf\u00e9 ne refroidit.<\/p>\t\t\t\t\t\t\t\t<\/div>\n\t\t\t\t<\/div>\n\t\t\t\t<div class=\"elementor-element elementor-element-722b00f3 elementor-widget elementor-widget-text-editor\" data-id=\"722b00f3\" data-element_type=\"widget\" data-e-type=\"widget\" data-widget_type=\"text-editor.default\">\n\t\t\t\t<div class=\"elementor-widget-container\">\n\t\t\t\t\t\t\t\t\t\n<form class=\"pp-mailto\" action=\"mailto:info@pixelpixel.xyz\" method=\"post\" enctype=\"text\/plain\" data-trp-original-action=\"mailto:info@pixelpixel.xyz\">\n  <div class=\"pp-formgrid\">\n    <label>Last name<input name=\"nom\" required><\/label>\n    <label>Email<input name=\"email\" type=\"email\" required><\/label>\n  <\/div>\n  <div class=\"pp-formgrid\">\n    <label>Amount<input name=\"quantite\" type=\"number\"><\/label>\n    <label>M\u00e9thode\n      <select name=\"methode\">\n        <option>DTG (Num\u00e9rique)<\/option>\n        <option>Silkscreen<\/option>\n        <option>DTF Presado<\/option>\n        <option>Je ne sais pas<\/option>\n      <\/select>\n    <\/label>\n  <\/div>\n  <label>V\u00eatement \/ Marque<input name=\"vetement\"><\/label>\n  <label>Lien Artwork \/ Notes<textarea name=\"notes\" rows=\"4\"><\/textarea><\/label>\n  <button type=\"submit\" class=\"pp-submit\">Request a quote<\/button>\n  <p class=\"pp-note\">En cliquant, votre client courriel s&rsquo;ouvrira pour envoyer les infos.<\/p>\n<input type=\"hidden\" name=\"trp-form-language\" value=\"en\"\/><\/form>\n\t\t\t\t\t\t\t\t<\/div>\n\t\t\t\t<\/div>\n\t\t\t\t<\/div>\n\t\t<div class=\"elementor-element elementor-element-646dafd9 e-con-full e-flex e-con e-child\" data-id=\"646dafd9\" data-element_type=\"container\" data-e-type=\"container\">\n\t\t\t\t<div class=\"elementor-element elementor-element-5b60c854 elementor-widget elementor-widget-text-editor\" data-id=\"5b60c854\" data-element_type=\"widget\" data-e-type=\"widget\" data-widget_type=\"text-editor.default\">\n\t\t\t\t<div class=\"elementor-widget-container\">\n\t\t\t\t\t\t\t\t\t\n<div class=\"pp-info\">\n  <h3 class=\"pp-h3\">Pourquoi PIXEL PIXEL ?<\/h3>\n  <ul class=\"pp-ul\">\n    <li>\u2713 Test presse gratuit (commandes 250+)<\/li>\n    <li>\u2713 Maquettes num\u00e9riques en 24h<\/li>\n    <li>\u2713 V\u00eatements \u00e9thiques sur demande<\/li>\n    <li>\u2713 Livraison mondiale avec suivi<\/li>\n  <\/ul>\n  <div class=\"pp-stats\">\n    <div class=\"pp-stat\"><div class=\"pp-stat__k\">D\u00e9lai moy.<\/div><div class=\"pp-stat__v\">5-7j<\/div><\/div>\n    <div class=\"pp-stat\"><div class=\"pp-stat__k\">Livr\u00e9es<\/div><div class=\"pp-stat__v\">12k+<\/div><\/div>\n    <div class=\"pp-stat\"><div class=\"pp-stat__k\">Clients<\/div><div class=\"pp-stat__v\">72%<\/div><\/div>\n  <\/div>\n<\/div>\n\t\t\t\t\t\t\t\t<\/div>\n\t\t\t\t<\/div>\n\t\t\t\t<\/div>\n\t\t\t\t\t<\/div>\n\t\t\t\t<\/div>\n\t\t<div class=\"elementor-element elementor-element-6f190206 pp-footer e-flex e-con-boxed e-con e-parent\" data-id=\"6f190206\" data-element_type=\"container\" data-e-type=\"container\">\n\t\t\t\t\t<div class=\"e-con-inner\">\n\t\t<div class=\"elementor-element elementor-element-73849268 e-con-full e-flex e-con e-child\" data-id=\"73849268\" data-element_type=\"container\" data-e-type=\"container\">\n\t\t\t\t<div class=\"elementor-element elementor-element-56334d4d elementor-widget elementor-widget-text-editor\" data-id=\"56334d4d\" data-element_type=\"widget\" data-e-type=\"widget\" data-widget_type=\"text-editor.default\">\n\t\t\t\t<div class=\"elementor-widget-container\">\n\t\t\t\t\t\t\t\t\t\n<div class=\"pp-footer__brand\">\n  <div class=\"pp-footer__title\">PIXEL PIXEL<\/div>\n  <div class=\"pp-footer__sub\">Atelier d&rsquo;impression textile sur mesure.<br>Mascouche \u2022 Monde entier<\/div>\n<\/div>\n\t\t\t\t\t\t\t\t<\/div>\n\t\t\t\t<\/div>\n\t\t\t\t<\/div>\n\t\t<div class=\"elementor-element elementor-element-519179ad e-con-full e-flex e-con e-child\" data-id=\"519179ad\" data-element_type=\"container\" data-e-type=\"container\">\n\t\t\t\t<div class=\"elementor-element elementor-element-76bd1390 elementor-widget elementor-widget-text-editor\" data-id=\"76bd1390\" data-element_type=\"widget\" data-e-type=\"widget\" data-widget_type=\"text-editor.default\">\n\t\t\t\t<div class=\"elementor-widget-container\">\n\t\t\t\t\t\t\t\t\t<div class=\"pp-footer__col\"><a href=\"#work\">R\u00e9alisations<\/a><a href=\"#pricing\">Tarifs<\/a><a href=\"#faq\">Faq<\/a><\/div>\t\t\t\t\t\t\t\t<\/div>\n\t\t\t\t<\/div>\n\t\t\t\t<\/div>\n\t\t<div class=\"elementor-element elementor-element-1758d5 e-con-full e-flex e-con e-child\" data-id=\"1758d5\" data-element_type=\"container\" data-e-type=\"container\">\n\t\t\t\t<div class=\"elementor-element elementor-element-6a11c4cc elementor-widget elementor-widget-text-editor\" data-id=\"6a11c4cc\" data-element_type=\"widget\" data-e-type=\"widget\" data-widget_type=\"text-editor.default\">\n\t\t\t\t<div class=\"elementor-widget-container\">\n\t\t\t\t\t\t\t\t\t<div class=\"pp-footer__col\"><a href=\"mailto:info@pixelpixel.xyz\">info@pixelpixel.xyz<\/a><a href=\"tel:+14505550123\">+1 (450) 555\u20110123<\/a><a href=\"#quote\">Obtenir une soumission<\/a><\/div>\t\t\t\t\t\t\t\t<\/div>\n\t\t\t\t<\/div>\n\t\t\t\t<\/div>\n\t\t\t\t\t<\/div>\n\t\t\t\t<\/div>\n\t\t\t\t<\/div>","protected":false},"excerpt":{"rendered":"<p>PIXELPIXELR\u00e9alisations Tarifs FAQ Contact Soumission Faites briller votre MARQUE, habillez votre Groupe Parce que personne n&rsquo;aime les t-shirts plates. Impression DTF, DTG et s\u00e9rigraphie qui font jaser (en bien) pour vos \u00e9v\u00e9nements et votre \u00e9quipe. Obtenir une soumission Nos services Rush 48h disponible Optimisation d&rsquo;image incluse Commandes de volume Grandeurs XS\u20135XL Service et solution [Image [&hellip;]<\/p>","protected":false},"author":1,"featured_media":0,"parent":0,"menu_order":0,"comment_status":"closed","ping_status":"closed","template":"","meta":{"inline_featured_image":false,"footnotes":""},"class_list":["post-55022","page","type-page","status-publish","hentry"],"_links":{"self":[{"href":"https:\/\/www.pixelpixel.xyz\/en\/wp-json\/wp\/v2\/pages\/55022","targetHints":{"allow":["GET"]}}],"collection":[{"href":"https:\/\/www.pixelpixel.xyz\/en\/wp-json\/wp\/v2\/pages"}],"about":[{"href":"https:\/\/www.pixelpixel.xyz\/en\/wp-json\/wp\/v2\/types\/page"}],"author":[{"embeddable":true,"href":"https:\/\/www.pixelpixel.xyz\/en\/wp-json\/wp\/v2\/users\/1"}],"replies":[{"embeddable":true,"href":"https:\/\/www.pixelpixel.xyz\/en\/wp-json\/wp\/v2\/comments?post=55022"}],"version-history":[{"count":11,"href":"https:\/\/www.pixelpixel.xyz\/en\/wp-json\/wp\/v2\/pages\/55022\/revisions"}],"predecessor-version":[{"id":55042,"href":"https:\/\/www.pixelpixel.xyz\/en\/wp-json\/wp\/v2\/pages\/55022\/revisions\/55042"}],"wp:attachment":[{"href":"https:\/\/www.pixelpixel.xyz\/en\/wp-json\/wp\/v2\/media?parent=55022"}],"curies":[{"name":"wp","href":"https:\/\/api.w.org\/{rel}","templated":true}]}}