{"id":50012,"date":"2022-07-11T21:53:39","date_gmt":"2022-07-12T01:53:39","guid":{"rendered":"https:\/\/www.pixelpixel.xyz\/?page_id=50012"},"modified":"2025-01-17T18:57:47","modified_gmt":"2025-01-17T22:57:47","slug":"concepteur-de-poduit","status":"publish","type":"page","link":"https:\/\/www.pixelpixel.xyz\/en\/concepteur-de-poduit\/","title":{"rendered":"product designer"},"content":{"rendered":"<div data-elementor-type=\"wp-page\" data-elementor-id=\"50012\" class=\"elementor elementor-50012\" data-elementor-post-type=\"page\">\n\t\t\t\t\t\t<section class=\"elementor-section elementor-top-section elementor-element elementor-element-9b5b634 elementor-section-stretched elementor-section-boxed elementor-section-height-default elementor-section-height-default\" data-id=\"9b5b634\" data-element_type=\"section\" data-e-type=\"section\" data-settings=\"{&quot;stretch_section&quot;:&quot;section-stretched&quot;}\">\n\t\t\t\t\t\t<div class=\"elementor-container elementor-column-gap-default\">\n\t\t\t\t\t<div class=\"elementor-column elementor-col-100 elementor-top-column elementor-element elementor-element-0e779e1\" data-id=\"0e779e1\" data-element_type=\"column\" data-e-type=\"column\">\n\t\t\t<div class=\"elementor-widget-wrap elementor-element-populated\">\n\t\t\t\t\t\t<div class=\"elementor-element elementor-element-fbf64f4 elementor-widget elementor-widget-heading\" data-id=\"fbf64f4\" data-element_type=\"widget\" data-e-type=\"widget\" data-widget_type=\"heading.default\">\n\t\t\t\t<div class=\"elementor-widget-container\">\n\t\t\t\t\t<h2 class=\"elementor-heading-title elementor-size-default\">Quick Customization<\/h2>\t\t\t\t<\/div>\n\t\t\t\t<\/div>\n\t\t\t\t<div class=\"elementor-element elementor-element-378fc18 elementor-widget elementor-widget-heading\" data-id=\"378fc18\" data-element_type=\"widget\" data-e-type=\"widget\" data-widget_type=\"heading.default\">\n\t\t\t\t<div class=\"elementor-widget-container\">\n\t\t\t\t\t<h2 class=\"elementor-heading-title elementor-size-default\">Selection of Popular Products<\/h2>\t\t\t\t<\/div>\n\t\t\t\t<\/div>\n\t\t\t\t\t<\/div>\n\t\t<\/div>\n\t\t\t\t\t<\/div>\n\t\t<\/section>\n\t\t\t\t<section class=\"elementor-section elementor-top-section elementor-element elementor-element-44e0ed86 elementor-section-full_width elementor-section-stretched elementor-section-height-default elementor-section-height-default\" data-id=\"44e0ed86\" data-element_type=\"section\" data-e-type=\"section\" data-settings=\"{&quot;stretch_section&quot;:&quot;section-stretched&quot;}\">\n\t\t\t\t\t\t<div class=\"elementor-container elementor-column-gap-default\">\n\t\t\t\t\t<div class=\"elementor-column elementor-col-33 elementor-top-column elementor-element elementor-element-2699aac5\" data-id=\"2699aac5\" data-element_type=\"column\" data-e-type=\"column\">\n\t\t\t<div class=\"elementor-widget-wrap\">\n\t\t\t\t\t\t\t<\/div>\n\t\t<\/div>\n\t\t\t\t<div class=\"elementor-column elementor-col-33 elementor-top-column elementor-element elementor-element-7011f03c\" data-id=\"7011f03c\" data-element_type=\"column\" data-e-type=\"column\">\n\t\t\t<div class=\"elementor-widget-wrap elementor-element-populated\">\n\t\t\t\t\t\t<div class=\"elementor-element elementor-element-9f574b0 elementor-widget elementor-widget-text-editor\" data-id=\"9f574b0\" data-element_type=\"widget\" data-e-type=\"widget\" data-widget_type=\"text-editor.default\">\n\t\t\t\t<div class=\"elementor-widget-container\">\n\t\t\t\t\t\t\t\t\t<p>\u00a0If you can&#039;t find the product or color you are looking for in the list, send us an\u00a0<span style=\"text-decoration-line: underline;\"><a href=\"https:\/\/www.pixelpixel.xyz\/concepteur-de-poduit\/?elementor-preview=50012&amp;ver=1737154476#email\">e-mail<\/a><\/span>\u00a0<\/p>\t\t\t\t\t\t\t\t<\/div>\n\t\t\t\t<\/div>\n\t\t\t\t<div class=\"elementor-element elementor-element-30ceccd4 elementor-widget elementor-widget-wc-elements\" data-id=\"30ceccd4\" data-element_type=\"widget\" data-e-type=\"widget\" data-widget_type=\"wc-elements.default\">\n\t\t\t\t<div class=\"elementor-widget-container\">\n\t\t\t\t\t<div class=\"woocommerce\">\t\t\t<div class=\"single-product\" data-product-page-preselected-id=\"0\">\n\t\t\t\t\r\n<div class=\"woocommerce-notices-wrapper\"><\/div>\r\n<div id=\"product-15228\" class=\"product type-product post-15228 status-publish first instock product_cat-impression-personnalise product_cat-unisexe-personnalise product_cat-tshirt-unisexe-personnalise has-post-thumbnail taxable shipping-taxable purchasable product-type-simple\">\r\n\t<div class=\"single-product-wrap\">\r\n\t\t<div class=\"product-image\">\r\n\t\t<div class=\"woocommerce-product-gallery woocommerce-product-gallery--with-images woocommerce-product-gallery--columns-4 images\" data-columns=\"4\" style=\"opacity: 0; transition: opacity .25s ease-in-out;\">\r\n    <figure class=\"woocommerce-product-gallery__wrapper\">\r\n        <div class=\"featured-gallery swiper-container\">\r\n            <div class=\"swiper-wrapper\">\r\n                <div data-thumb=\"https:\/\/www.pixelpixel.xyz\/wp-content\/uploads\/2020\/02\/premium-t-shirt-100x100.png\" class=\"woocommerce-product-gallery__image swiper-slide\"><img fetchpriority=\"high\" decoding=\"async\" width=\"700\" height=\"700\" src=\"https:\/\/www.pixelpixel.xyz\/wp-content\/uploads\/2020\/02\/premium-t-shirt-700x700.png\" class=\"attachment-shop_single size-shop_single wp-post-image\" alt=\"\" title=\"\" data-src=\"https:\/\/www.pixelpixel.xyz\/wp-content\/uploads\/2020\/02\/premium-t-shirt.png\" data-large_image=\"https:\/\/www.pixelpixel.xyz\/wp-content\/uploads\/2020\/02\/premium-t-shirt.png\" data-large_image_width=\"1000\" data-large_image_height=\"1000\" srcset=\"https:\/\/www.pixelpixel.xyz\/wp-content\/uploads\/2020\/02\/premium-t-shirt-700x700.png 700w, https:\/\/www.pixelpixel.xyz\/wp-content\/uploads\/2020\/02\/premium-t-shirt-100x100.png 100w, https:\/\/www.pixelpixel.xyz\/wp-content\/uploads\/2020\/02\/premium-t-shirt-300x300.png 300w, https:\/\/www.pixelpixel.xyz\/wp-content\/uploads\/2020\/02\/premium-t-shirt.png 1000w, https:\/\/www.pixelpixel.xyz\/wp-content\/uploads\/2020\/02\/premium-t-shirt-150x150.png 150w, https:\/\/www.pixelpixel.xyz\/wp-content\/uploads\/2020\/02\/premium-t-shirt-768x768.png 768w, https:\/\/www.pixelpixel.xyz\/wp-content\/uploads\/2020\/02\/premium-t-shirt-450x450.png 450w, https:\/\/www.pixelpixel.xyz\/wp-content\/uploads\/2020\/02\/premium-t-shirt-24x24.png 24w, https:\/\/www.pixelpixel.xyz\/wp-content\/uploads\/2020\/02\/premium-t-shirt-36x36.png 36w, https:\/\/www.pixelpixel.xyz\/wp-content\/uploads\/2020\/02\/premium-t-shirt-48x48.png 48w\" sizes=\"(max-width: 700px) 100vw, 700px\" \/><\/div>            <\/div>\r\n                    <\/div>\r\n                <\/figure>\r\n<\/div>\t\t<\/div>\r\n\r\n\t\t\r\n\t\t<div class=\"summary entry-summary\">\r\n\r\n\t\t\t<h1 class=\"product_title entry-title\">DTG or DTF printing<\/h1><p class=\"price\"><span class=\"woocommerce-Price-amount amount\"><bdi><span class=\"woocommerce-Price-currencySymbol\">&#36;<\/span>28.99<\/bdi><\/span><\/p>\n\n\t\n\t<form class=\"cart\" action=\"\" method=\"post\" enctype='multipart\/form-data' data-trp-original-action=\"\">\n\t\t\r\n    \n\t\t<div class=\"nb-quantity style-1\">\r\n\t<input type=\"number\" class=\"input-text qty text\" step=\"1\" min=\"1\" max=\"9999\" name=\"quantity\" value=\"1\" title=\"Qty\" size=\"4\" pattern=\"[0-9]*\" inputmode=\"numeric\" \/>\r\n\t\t\r\n\t\t\t\t\t\t\t<div class=\"qty-buttons\">\r\n\t\t\t\t\t<span class=\"quantity-plus icon-plus\"><\/span>\r\n\t\t\t\t\t<span class=\"quantity-minus icon-minus\"><\/span>\r\n\t\t\t\t<\/div>\r\n\t\t\t\t\t\r\n<\/div>\r\n\r\n\r\n\n\t\t<button type=\"submit\" name=\"add-to-cart\" value=\"15228\" class=\"single_add_to_cart_button button alt\" data-no-translation=\"\" data-trp-gettext=\"\">Add to cart<\/button>\n\n\t\t\t<input type=\"hidden\" name=\"trp-form-language\" value=\"en\"\/><\/form>\n\n\t\n<div class=\"product_meta\">\r\n\r\n\t\r\n\r\n    <div class=\"sku_wrapper\">\r\n        <span class=\"meta-name\">SKU:<\/span>\r\n        <span class=\"sku\">N \/ A<\/span>\r\n    <\/div>\r\n\r\n    <div class=\"category_wrapper\">\r\n        <span class=\"posted_in meta-name\">Categories: <\/span><span><a href=\"https:\/\/www.pixelpixel.xyz\/en\/product-category\/impression-personnalise\/\" rel=\"tag\">Custom Printing<\/a>, <a href=\"https:\/\/www.pixelpixel.xyz\/en\/product-category\/impression-personnalise\/unisexe-personnalise\/\" rel=\"tag\">Unisex<\/a>, <a href=\"https:\/\/www.pixelpixel.xyz\/en\/product-category\/impression-personnalise\/unisexe-personnalise\/tshirt-unisexe-personnalise\/\" rel=\"tag\">T-shirt<\/a><\/span><\/span>    <\/div>\r\n\r\n    <div class=\"tag_wrapper\">\r\n            <\/div>\r\n\r\n    <div class=\"availability_wrapper\">\r\n                            <span class=\"meta-name\">Availability: <\/span>\r\n            <span class=\"stock in-stock\">\r\n                In Stock            <\/span>\r\n            <\/div>\r\n\r\n\t\r\n<\/div>\r\n<div class=\"clear\"><\/div>\r\n\r\n\t\t<\/div><!-- .summary -->\r\n\t<\/div>\r\n\r\n\t\r\n<\/div><!-- #product-15228 -->\r\n\r\n\t\t\t<\/div>\n\t\t\t<\/div>\t\t\t\t<\/div>\n\t\t\t\t<\/div>\n\t\t\t\t\t<\/div>\n\t\t<\/div>\n\t\t\t\t<div class=\"elementor-column elementor-col-33 elementor-top-column elementor-element elementor-element-67a374b0\" data-id=\"67a374b0\" data-element_type=\"column\" data-e-type=\"column\">\n\t\t\t<div class=\"elementor-widget-wrap\">\n\t\t\t\t\t\t\t<\/div>\n\t\t<\/div>\n\t\t\t\t\t<\/div>\n\t\t<\/section>\n\t\t\t\t<section class=\"elementor-section elementor-top-section elementor-element elementor-element-2c2a1137 elementor-section-full_width elementor-section-stretched elementor-section-height-default elementor-section-height-default\" data-id=\"2c2a1137\" data-element_type=\"section\" data-e-type=\"section\" data-settings=\"{&quot;stretch_section&quot;:&quot;section-stretched&quot;,&quot;background_background&quot;:&quot;classic&quot;,&quot;shape_divider_top&quot;:&quot;pyramids&quot;,&quot;shape_divider_bottom&quot;:&quot;pyramids&quot;}\">\n\t\t\t\t\t\t\t<div class=\"elementor-background-overlay\"><\/div>\n\t\t\t\t\t\t<div class=\"elementor-shape elementor-shape-top\" aria-hidden=\"true\" data-negative=\"false\">\n\t\t\t<svg xmlns=\"http:\/\/www.w3.org\/2000\/svg\" viewbox=\"0 0 1000 100\" preserveaspectratio=\"none\">\n\t<path class=\"elementor-shape-fill\" d=\"M761.9,44.1L643.1,27.2L333.8,98L0,3.8V0l1000,0v3.9\"\/>\n<\/svg>\t\t<\/div>\n\t\t\t\t<div class=\"elementor-shape elementor-shape-bottom\" aria-hidden=\"true\" data-negative=\"false\">\n\t\t\t<svg xmlns=\"http:\/\/www.w3.org\/2000\/svg\" viewbox=\"0 0 1000 100\" preserveaspectratio=\"none\">\n\t<path class=\"elementor-shape-fill\" d=\"M761.9,44.1L643.1,27.2L333.8,98L0,3.8V0l1000,0v3.9\"\/>\n<\/svg>\t\t<\/div>\n\t\t\t\t\t<div class=\"elementor-container elementor-column-gap-default\">\n\t\t\t\t\t<div class=\"elementor-column elementor-col-50 elementor-top-column elementor-element elementor-element-56e31767\" data-id=\"56e31767\" data-element_type=\"column\" data-e-type=\"column\">\n\t\t\t<div class=\"elementor-widget-wrap elementor-element-populated\">\n\t\t\t\t\t\t<div class=\"elementor-element elementor-element-a272d46 elementor-widget elementor-widget-menu-anchor\" data-id=\"a272d46\" data-element_type=\"widget\" data-e-type=\"widget\" data-widget_type=\"menu-anchor.default\">\n\t\t\t\t<div class=\"elementor-widget-container\">\n\t\t\t\t\t\t\t<div class=\"elementor-menu-anchor\" id=\"email\"><\/div>\n\t\t\t\t\t\t<\/div>\n\t\t\t\t<\/div>\n\t\t\t\t<div class=\"elementor-element elementor-element-7229ee14 elementor-widget elementor-widget-heading\" data-id=\"7229ee14\" data-element_type=\"widget\" data-e-type=\"widget\" data-widget_type=\"heading.default\">\n\t\t\t\t<div class=\"elementor-widget-container\">\n\t\t\t\t\t<h2 class=\"elementor-heading-title elementor-size-default\">CAN&#039;T FIND A PRODUCT OR COLOR?<br>SEND US A MESSAGE.<\/h2>\t\t\t\t<\/div>\n\t\t\t\t<\/div>\n\t\t\t\t\t<\/div>\n\t\t<\/div>\n\t\t\t\t<div class=\"elementor-column elementor-col-50 elementor-top-column elementor-element elementor-element-10e54b5e\" data-id=\"10e54b5e\" data-element_type=\"column\" data-e-type=\"column\">\n\t\t\t<div class=\"elementor-widget-wrap elementor-element-populated\">\n\t\t\t\t\t\t<div class=\"elementor-element elementor-element-5c2e659f elementor-button-align-stretch elementor-widget elementor-widget-form\" data-id=\"5c2e659f\" data-element_type=\"widget\" data-e-type=\"widget\" data-settings=\"{&quot;step_next_label&quot;:&quot;Next&quot;,&quot;step_previous_label&quot;:&quot;Previous&quot;,&quot;button_width&quot;:&quot;100&quot;,&quot;step_type&quot;:&quot;number_text&quot;,&quot;step_icon_shape&quot;:&quot;circle&quot;}\" data-widget_type=\"form.default\">\n\t\t\t\t<div class=\"elementor-widget-container\">\n\t\t\t\t\t\t\t<form class=\"elementor-form\" method=\"post\" name=\"New Form\" aria-label=\"New Form\" action=\"\">\n\t\t\t<input type=\"hidden\" name=\"post_id\" value=\"50012\"\/>\n\t\t\t<input type=\"hidden\" name=\"form_id\" value=\"5c2e659f\"\/>\n\t\t\t<input type=\"hidden\" name=\"referer_title\" value=\"concepteur de poduit\" \/>\n\n\t\t\t\t\t\t\t<input type=\"hidden\" name=\"queried_id\" value=\"50012\"\/>\n\t\t\t\n\t\t\t<div class=\"elementor-form-fields-wrapper elementor-labels-above\">\n\t\t\t\t\t\t\t\t<div class=\"elementor-field-type-text elementor-field-group elementor-column elementor-field-group-name elementor-col-100\">\n\t\t\t\t\t\t\t\t\t\t\t\t<label for=\"form-field-name\" class=\"elementor-field-label\">\n\t\t\t\t\t\t\t\tLast name\t\t\t\t\t\t\t<\/label>\n\t\t\t\t\t\t\t\t\t\t\t\t\t\t<input size=\"1\" type=\"text\" name=\"form_fields[name]\" id=\"form-field-name\" class=\"elementor-field elementor-size-sm  elementor-field-textual\" placeholder=\"Last name\">\n\t\t\t\t\t\t\t\t\t\t\t<\/div>\n\t\t\t\t\t\t\t\t<div class=\"elementor-field-type-email elementor-field-group elementor-column elementor-field-group-email elementor-col-100 elementor-field-required\">\n\t\t\t\t\t\t\t\t\t\t\t\t<label for=\"form-field-email\" class=\"elementor-field-label\">\n\t\t\t\t\t\t\t\tE-mail\t\t\t\t\t\t\t<\/label>\n\t\t\t\t\t\t\t\t\t\t\t\t\t\t<input size=\"1\" type=\"email\" name=\"form_fields[email]\" id=\"form-field-email\" class=\"elementor-field elementor-size-sm  elementor-field-textual\" placeholder=\"E-mail\" required=\"required\">\n\t\t\t\t\t\t\t\t\t\t\t<\/div>\n\t\t\t\t\t\t\t\t<div class=\"elementor-field-type-tel elementor-field-group elementor-column elementor-field-group-field_8e066b9 elementor-col-100\">\n\t\t\t\t\t\t\t\t\t\t\t\t<label for=\"form-field-field_8e066b9\" class=\"elementor-field-label\">\n\t\t\t\t\t\t\t\tPhone\t\t\t\t\t\t\t<\/label>\n\t\t\t\t\t\t\t\t<input size=\"1\" type=\"tel\" name=\"form_fields[field_8e066b9]\" id=\"form-field-field_8e066b9\" class=\"elementor-field elementor-size-sm  elementor-field-textual\" pattern=\"[0-9()#&amp;+*-=.]+\" title=\"Seuls les chiffres et les caract\u00e8res du t\u00e9l\u00e9phone (#, -, *, etc) sont accept\u00e9s.\">\n\n\t\t\t\t\t\t<\/div>\n\t\t\t\t\t\t\t\t<div class=\"elementor-field-type-select elementor-field-group elementor-column elementor-field-group-field_7c2a3b2 elementor-col-100\">\n\t\t\t\t\t\t\t\t\t\t\t\t<label for=\"form-field-field_7c2a3b2\" class=\"elementor-field-label\">\n\t\t\t\t\t\t\t\tNumber of impressions\t\t\t\t\t\t\t<\/label>\n\t\t\t\t\t\t\t\t<div class=\"elementor-field elementor-select-wrapper remove-before\">\n\t\t\t<div class=\"select-caret-down-wrapper\">\n\t\t\t\t<svg aria-hidden=\"true\" class=\"e-font-icon-svg e-eicon-caret-down\" viewbox=\"0 0 571.4 571.4\" xmlns=\"http:\/\/www.w3.org\/2000\/svg\"><path d=\"M571 393Q571 407 561 418L311 668Q300 679 286 679T261 668L11 418Q0 407 0 393T11 368 36 357H536Q550 357 561 368T571 393Z\"><\/path><\/svg>\t\t\t<\/div>\n\t\t\t<select name=\"form_fields[field_7c2a3b2]\" id=\"form-field-field_7c2a3b2\" class=\"elementor-field-textual elementor-size-sm\">\n\t\t\t\t\t\t\t\t\t<option value=\"1-5\">1-5<\/option>\n\t\t\t\t\t\t\t\t\t<option value=\"6-11\">6-11<\/option>\n\t\t\t\t\t\t\t\t\t<option value=\"12-24\">12-24<\/option>\n\t\t\t\t\t\t\t\t\t<option value=\"25-49\">25-49<\/option>\n\t\t\t\t\t\t\t\t\t<option value=\"50-99\">50-99<\/option>\n\t\t\t\t\t\t\t\t\t<option value=\"100-200\">100-200<\/option>\n\t\t\t\t\t\t\t\t\t<option value=\"201 et +\">201 and +<\/option>\n\t\t\t\t\t\t\t<\/select>\n\t\t<\/div>\n\t\t\t\t\t\t<\/div>\n\t\t\t\t\t\t\t\t<div class=\"elementor-field-type-upload elementor-field-group elementor-column elementor-field-group-field_b65f6d1 elementor-col-100\">\n\t\t\t\t\t\t\t\t\t\t\t\t<label for=\"form-field-field_b65f6d1\" class=\"elementor-field-label\">\n\t\t\t\t\t\t\t\t.PNG file\t\t\t\t\t\t\t<\/label>\n\t\t\t\t\t\t\t\t<input type=\"file\" name=\"form_fields[field_b65f6d1]\" id=\"form-field-field_b65f6d1\" class=\"elementor-field elementor-size-sm  elementor-upload-field\" data-maxsize=\"10\" data-maxsize-message=\"Ce fichier d\u00e9passe la taille maximale autoris\u00e9e.\">\n\n\t\t\t\t\t\t<\/div>\n\t\t\t\t\t\t\t\t<div class=\"elementor-field-type-text elementor-field-group elementor-column elementor-field-group-field_90c3ffa elementor-col-100\">\n\t\t\t\t\t\t\t\t\t\t\t\t<label for=\"form-field-field_90c3ffa\" class=\"elementor-field-label\">\n\t\t\t\t\t\t\t\tMessage\t\t\t\t\t\t\t<\/label>\n\t\t\t\t\t\t\t\t\t\t\t\t\t\t<input size=\"1\" type=\"text\" name=\"form_fields[field_90c3ffa]\" id=\"form-field-field_90c3ffa\" class=\"elementor-field elementor-size-sm  elementor-field-textual\">\n\t\t\t\t\t\t\t\t\t\t\t<\/div>\n\t\t\t\t\t\t\t\t<div class=\"elementor-field-type-recaptcha_v3 elementor-field-group elementor-column elementor-field-group-field_35ec18b elementor-col-100 recaptcha_v3-bottomright\">\n\t\t\t\t\t<div class=\"elementor-field\" id=\"form-field-field_35ec18b\"><div class=\"elementor-g-recaptcha\" data-sitekey=\"6LctGS4gAAAAAEd51UZwIAE322XGaomJkgYirlbF\" data-type=\"v3\" data-action=\"Form\" data-badge=\"bottomright\" data-size=\"invisible\"><\/div><\/div>\t\t\t\t<\/div>\n\t\t\t\t\t\t\t\t<div class=\"elementor-field-group elementor-column elementor-field-type-submit elementor-col-100 e-form__buttons\">\n\t\t\t\t\t<button class=\"elementor-button elementor-size-sm\" type=\"submit\">\n\t\t\t\t\t\t<span class=\"elementor-button-content-wrapper\">\n\t\t\t\t\t\t\t\t\t\t\t\t\t\t\t\t\t\t\t\t\t\t<span class=\"elementor-button-text\">Send<\/span>\n\t\t\t\t\t\t\t\t\t\t\t\t\t<\/span>\n\t\t\t\t\t<\/button>\n\t\t\t\t<\/div>\n\t\t\t<\/div>\n\t\t<input type=\"hidden\" name=\"trp-form-language\" value=\"en\"\/><\/form>\n\t\t\t\t\t\t<\/div>\n\t\t\t\t<\/div>\n\t\t\t\t\t<\/div>\n\t\t<\/div>\n\t\t\t\t\t<\/div>\n\t\t<\/section>\n\t\t\t\t<\/div>","protected":false},"excerpt":{"rendered":"<p>Personnalisation Rapide Selection De Produits Populaires \u00a0Si vous ne trouvez pas le produit ou la couleur que vous cherchez dans la liste, envoyez-nous un\u00a0courriel\u00a0 VOUS NE TROUVEZ PAS UN PRODUIT OU UNE COULEUR?ENVOYEZ NOUS UN MESSAGE.<\/p>","protected":false},"author":1,"featured_media":0,"parent":0,"menu_order":19,"comment_status":"closed","ping_status":"closed","template":"","meta":{"inline_featured_image":false,"footnotes":""},"class_list":["post-50012","page","type-page","status-publish","hentry"],"_links":{"self":[{"href":"https:\/\/www.pixelpixel.xyz\/en\/wp-json\/wp\/v2\/pages\/50012","targetHints":{"allow":["GET"]}}],"collection":[{"href":"https:\/\/www.pixelpixel.xyz\/en\/wp-json\/wp\/v2\/pages"}],"about":[{"href":"https:\/\/www.pixelpixel.xyz\/en\/wp-json\/wp\/v2\/types\/page"}],"author":[{"embeddable":true,"href":"https:\/\/www.pixelpixel.xyz\/en\/wp-json\/wp\/v2\/users\/1"}],"replies":[{"embeddable":true,"href":"https:\/\/www.pixelpixel.xyz\/en\/wp-json\/wp\/v2\/comments?post=50012"}],"version-history":[{"count":70,"href":"https:\/\/www.pixelpixel.xyz\/en\/wp-json\/wp\/v2\/pages\/50012\/revisions"}],"predecessor-version":[{"id":54508,"href":"https:\/\/www.pixelpixel.xyz\/en\/wp-json\/wp\/v2\/pages\/50012\/revisions\/54508"}],"wp:attachment":[{"href":"https:\/\/www.pixelpixel.xyz\/en\/wp-json\/wp\/v2\/media?parent=50012"}],"curies":[{"name":"wp","href":"https:\/\/api.w.org\/{rel}","templated":true}]}}